{"id":120,"date":"2021-04-19T08:22:22","date_gmt":"2021-04-19T06:22:22","guid":{"rendered":"http:\/\/homedesignbyrenata.com\/?page_id=120"},"modified":"2021-04-22T20:11:08","modified_gmt":"2021-04-22T18:11:08","slug":"accueil-2","status":"publish","type":"page","link":"https:\/\/homedesignbyrenata.com\/","title":{"rendered":"Accueil"},"content":{"rendered":"\t\t<div data-elementor-type=\"wp-page\" data-elementor-id=\"120\" class=\"elementor elementor-120\" data-elementor-settings=\"[]\">\n\t\t\t\t\t\t\t<div class=\"elementor-section-wrap\">\n\t\t\t\t\t\t\t<section class=\"elementor-section elementor-top-section elementor-element elementor-element-8b15943 elementor-section-full_width elementor-section-content-middle elementor-section-stretched elementor-section-height-default elementor-section-height-default elementor-invisible\" data-id=\"8b15943\" data-element_type=\"section\" data-settings=\"{&quot;stretch_section&quot;:&quot;section-stretched&quot;,&quot;animation&quot;:&quot;fadeInLeft&quot;}\">\n\t\t\t\t\t\t<div class=\"elementor-container elementor-column-gap-default\">\n\t\t\t\t\t<div class=\"elementor-column elementor-col-100 elementor-top-column elementor-element elementor-element-e06973c\" data-id=\"e06973c\" data-element_type=\"column\">\n\t\t\t<div class=\"elementor-widget-wrap elementor-element-populated\">\n\t\t\t\t\t\t\t\t<section class=\"elementor-section elementor-inner-section elementor-element elementor-element-48c9b04 elementor-section-content-middle elementor-section-boxed elementor-section-height-default elementor-section-height-default\" data-id=\"48c9b04\" data-element_type=\"section\">\n\t\t\t\t\t\t<div class=\"elementor-container elementor-column-gap-default\">\n\t\t\t\t\t<div class=\"elementor-column elementor-col-50 elementor-inner-column elementor-element elementor-element-1243c57\" data-id=\"1243c57\" data-element_type=\"column\">\n\t\t\t<div class=\"elementor-widget-wrap elementor-element-populated\">\n\t\t\t\t\t\t\t\t<div class=\"elementor-element elementor-element-ff6c99f elementor-widget elementor-widget-image\" data-id=\"ff6c99f\" data-element_type=\"widget\" data-widget_type=\"image.default\">\n\t\t\t\t<div class=\"elementor-widget-container\">\n\t\t\t\t\t\t\t\t\t\t\t\t\t\t\t<img loading=\"lazy\" decoding=\"async\" width=\"525\" height=\"350\" src=\"https:\/\/homedesignbyrenata.com\/wp-content\/uploads\/2021\/04\/living-room-2569325_1920-1024x683.jpg\" class=\"attachment-large size-large\" alt=\"\" srcset=\"https:\/\/homedesignbyrenata.com\/wp-content\/uploads\/2021\/04\/living-room-2569325_1920-1024x683.jpg 1024w, https:\/\/homedesignbyrenata.com\/wp-content\/uploads\/2021\/04\/living-room-2569325_1920-300x200.jpg 300w, https:\/\/homedesignbyrenata.com\/wp-content\/uploads\/2021\/04\/living-room-2569325_1920-768x512.jpg 768w, https:\/\/homedesignbyrenata.com\/wp-content\/uploads\/2021\/04\/living-room-2569325_1920-1536x1024.jpg 1536w, https:\/\/homedesignbyrenata.com\/wp-content\/uploads\/2021\/04\/living-room-2569325_1920.jpg 1920w\" sizes=\"auto, 100vw\" \/>\t\t\t\t\t\t\t\t\t\t\t\t\t\t\t<\/div>\n\t\t\t\t<\/div>\n\t\t\t\t\t<\/div>\n\t\t<\/div>\n\t\t\t\t<div class=\"elementor-column elementor-col-50 elementor-inner-column elementor-element elementor-element-137c4c9\" data-id=\"137c4c9\" data-element_type=\"column\">\n\t\t\t<div class=\"elementor-widget-wrap elementor-element-populated\">\n\t\t\t\t\t\t\t\t<div class=\"elementor-element elementor-element-9e5686a elementor-widget elementor-widget-heading\" data-id=\"9e5686a\" data-element_type=\"widget\" data-widget_type=\"heading.default\">\n\t\t\t\t<div class=\"elementor-widget-container\">\n\t\t\t<h2 class=\"elementor-heading-title elementor-size-default\">D\u00e9coration d'int\u00e9rieur<\/h2>\t\t<\/div>\n\t\t\t\t<\/div>\n\t\t\t\t<div class=\"elementor-element elementor-element-382a5e3 elementor-widget elementor-widget-text-editor\" data-id=\"382a5e3\" data-element_type=\"widget\" data-widget_type=\"text-editor.default\">\n\t\t\t\t<div class=\"elementor-widget-container\">\n\t\t\t\t\t\t\t\t<p>Envie d&rsquo;une nouvelle d\u00e9coration, pour changer le look de votre maison ou appartement, mais vous ne savez pas exactement par o\u00f9 commencer et qu&rsquo;est ce qu&rsquo;il vous faut exactement? Je vous pr\u00e9pare tout, pas \u00e0 pas. Commencant avec une consulation d\u00e9co, choisir une nouveau sytle, faire des plans de 3D, jusqu&rsquo;\u00e1 la r\u00e9alisation.<\/p>\t\t\t\t\t\t<\/div>\n\t\t\t\t<\/div>\n\t\t\t\t\t<\/div>\n\t\t<\/div>\n\t\t\t\t\t\t\t<\/div>\n\t\t<\/section>\n\t\t\t\t\t<\/div>\n\t\t<\/div>\n\t\t\t\t\t\t\t<\/div>\n\t\t<\/section>\n\t\t\t\t<section class=\"elementor-section elementor-top-section elementor-element elementor-element-9a8d191 elementor-section-stretched elementor-section-boxed elementor-section-height-default elementor-section-height-default elementor-invisible\" data-id=\"9a8d191\" data-element_type=\"section\" data-settings=\"{&quot;stretch_section&quot;:&quot;section-stretched&quot;,&quot;animation&quot;:&quot;fadeInRight&quot;}\">\n\t\t\t\t\t\t<div class=\"elementor-container elementor-column-gap-default\">\n\t\t\t\t\t<div class=\"elementor-column elementor-col-100 elementor-top-column elementor-element elementor-element-8c8ca71\" data-id=\"8c8ca71\" data-element_type=\"column\">\n\t\t\t<div class=\"elementor-widget-wrap elementor-element-populated\">\n\t\t\t\t\t\t\t\t<section class=\"elementor-section elementor-inner-section elementor-element elementor-element-5c92689 elementor-section-content-middle elementor-section-boxed elementor-section-height-default elementor-section-height-default\" data-id=\"5c92689\" data-element_type=\"section\">\n\t\t\t\t\t\t<div class=\"elementor-container elementor-column-gap-default\">\n\t\t\t\t\t<div class=\"elementor-column elementor-col-50 elementor-inner-column elementor-element elementor-element-82b7aaa\" data-id=\"82b7aaa\" data-element_type=\"column\">\n\t\t\t<div class=\"elementor-widget-wrap elementor-element-populated\">\n\t\t\t\t\t\t\t\t<div class=\"elementor-element elementor-element-3dab8de elementor-widget elementor-widget-heading\" data-id=\"3dab8de\" data-element_type=\"widget\" data-widget_type=\"heading.default\">\n\t\t\t\t<div class=\"elementor-widget-container\">\n\t\t\t<h2 class=\"elementor-heading-title elementor-size-default\">Home Staging<\/h2>\t\t<\/div>\n\t\t\t\t<\/div>\n\t\t\t\t<div class=\"elementor-element elementor-element-9f7a6e9 elementor-widget elementor-widget-text-editor\" data-id=\"9f7a6e9\" data-element_type=\"widget\" data-widget_type=\"text-editor.default\">\n\t\t\t\t<div class=\"elementor-widget-container\">\n\t\t\t\t\t\t\t\t<p>Vous voulez vendre votre bien le plutot possible au meilleur prix ou le faire lou\u00e9? Je vous aide d&rsquo;optimiser votre int\u00e9rieur, en gardent le plus de mobilier et d\u00e9coration possible avec une analysation de chaque pi\u00e8ce.\u00a0Suite le diagnostique, je vous aide de r\u00e9aliser le projet pas a pas, avec des travaux et achat, en cas de besoin.<\/p>\t\t\t\t\t\t<\/div>\n\t\t\t\t<\/div>\n\t\t\t\t\t<\/div>\n\t\t<\/div>\n\t\t\t\t<div class=\"elementor-column elementor-col-50 elementor-inner-column elementor-element elementor-element-f334085\" data-id=\"f334085\" data-element_type=\"column\">\n\t\t\t<div class=\"elementor-widget-wrap elementor-element-populated\">\n\t\t\t\t\t\t\t\t<div class=\"elementor-element elementor-element-8b73f3f elementor-widget elementor-widget-image\" data-id=\"8b73f3f\" data-element_type=\"widget\" data-widget_type=\"image.default\">\n\t\t\t\t<div class=\"elementor-widget-container\">\n\t\t\t\t\t\t\t\t\t\t\t\t\t\t\t<img loading=\"lazy\" decoding=\"async\" width=\"525\" height=\"349\" src=\"https:\/\/homedesignbyrenata.com\/wp-content\/uploads\/2021\/04\/kitchen-1336160_1920-1024x680.jpg\" class=\"attachment-large size-large\" alt=\"\" srcset=\"https:\/\/homedesignbyrenata.com\/wp-content\/uploads\/2021\/04\/kitchen-1336160_1920-1024x680.jpg 1024w, https:\/\/homedesignbyrenata.com\/wp-content\/uploads\/2021\/04\/kitchen-1336160_1920-300x199.jpg 300w, https:\/\/homedesignbyrenata.com\/wp-content\/uploads\/2021\/04\/kitchen-1336160_1920-768x510.jpg 768w, https:\/\/homedesignbyrenata.com\/wp-content\/uploads\/2021\/04\/kitchen-1336160_1920-1536x1020.jpg 1536w, https:\/\/homedesignbyrenata.com\/wp-content\/uploads\/2021\/04\/kitchen-1336160_1920.jpg 1920w\" sizes=\"auto, 100vw\" \/>\t\t\t\t\t\t\t\t\t\t\t\t\t\t\t<\/div>\n\t\t\t\t<\/div>\n\t\t\t\t\t<\/div>\n\t\t<\/div>\n\t\t\t\t\t\t\t<\/div>\n\t\t<\/section>\n\t\t\t\t\t<\/div>\n\t\t<\/div>\n\t\t\t\t\t\t\t<\/div>\n\t\t<\/section>\n\t\t\t\t\t\t<\/div>\n\t\t\t\t\t<\/div>\n\t\t","protected":false},"excerpt":{"rendered":"<p>D\u00e9coration d&rsquo;int\u00e9rieur Envie d&rsquo;une nouvelle d\u00e9coration, pour changer le look de votre maison ou appartement, mais vous ne savez pas exactement par o\u00f9 commencer et qu&rsquo;est ce qu&rsquo;il vous faut exactement? Je vous pr\u00e9pare tout, pas \u00e0 pas. Commencant avec une consulation d\u00e9co, choisir une nouveau sytle, faire des plans de 3D, jusqu&rsquo;\u00e1 la r\u00e9alisation. &hellip; <\/p>\n<p class=\"link-more\"><a href=\"https:\/\/homedesignbyrenata.com\/\" class=\"more-link\">Continuer la lecture<span class=\"screen-reader-text\"> de &laquo;&nbsp;Accueil&nbsp;&raquo;<\/span><\/a><\/p>\n","protected":false},"author":1,"featured_media":0,"parent":0,"menu_order":0,"comment_status":"closed","ping_status":"closed","template":"","meta":{"spay_email":"","footnotes":""},"class_list":["post-120","page","type-page","status-publish","hentry"],"_links":{"self":[{"href":"https:\/\/homedesignbyrenata.com\/index.php\/wp-json\/wp\/v2\/pages\/120","targetHints":{"allow":["GET"]}}],"collection":[{"href":"https:\/\/homedesignbyrenata.com\/index.php\/wp-json\/wp\/v2\/pages"}],"about":[{"href":"https:\/\/homedesignbyrenata.com\/index.php\/wp-json\/wp\/v2\/types\/page"}],"author":[{"embeddable":true,"href":"https:\/\/homedesignbyrenata.com\/index.php\/wp-json\/wp\/v2\/users\/1"}],"replies":[{"embeddable":true,"href":"https:\/\/homedesignbyrenata.com\/index.php\/wp-json\/wp\/v2\/comments?post=120"}],"version-history":[{"count":34,"href":"https:\/\/homedesignbyrenata.com\/index.php\/wp-json\/wp\/v2\/pages\/120\/revisions"}],"predecessor-version":[{"id":299,"href":"https:\/\/homedesignbyrenata.com\/index.php\/wp-json\/wp\/v2\/pages\/120\/revisions\/299"}],"wp:attachment":[{"href":"https:\/\/homedesignbyrenata.com\/index.php\/wp-json\/wp\/v2\/media?parent=120"}],"curies":[{"name":"wp","href":"https:\/\/api.w.org\/{rel}","templated":true}]}}