{"id":242,"date":"2021-04-20T19:31:56","date_gmt":"2021-04-20T17:31:56","guid":{"rendered":"http:\/\/homedesignbyrenata.com\/?page_id=242"},"modified":"2021-04-22T20:44:55","modified_gmt":"2021-04-22T18:44:55","slug":"home-staging","status":"publish","type":"page","link":"https:\/\/homedesignbyrenata.com\/index.php\/home-staging\/","title":{"rendered":"Tarifs"},"content":{"rendered":"\t\t<div data-elementor-type=\"wp-page\" data-elementor-id=\"242\" class=\"elementor elementor-242\" data-elementor-settings=\"[]\">\n\t\t\t\t\t\t\t<div class=\"elementor-section-wrap\">\n\t\t\t\t\t\t\t<section class=\"elementor-section elementor-top-section elementor-element elementor-element-65cc2c0 elementor-section-full_width elementor-section-stretched elementor-section-height-default elementor-section-height-default elementor-invisible\" data-id=\"65cc2c0\" data-element_type=\"section\" data-settings=\"{&quot;animation&quot;:&quot;fadeInLeft&quot;,&quot;stretch_section&quot;:&quot;section-stretched&quot;}\">\n\t\t\t\t\t\t<div class=\"elementor-container elementor-column-gap-default\">\n\t\t\t\t\t<div class=\"elementor-column elementor-col-100 elementor-top-column elementor-element elementor-element-2f6b732\" data-id=\"2f6b732\" data-element_type=\"column\">\n\t\t\t<div class=\"elementor-widget-wrap elementor-element-populated\">\n\t\t\t\t\t\t\t\t<section class=\"elementor-section elementor-inner-section elementor-element elementor-element-e02ff15 elementor-section-boxed elementor-section-height-default elementor-section-height-default\" data-id=\"e02ff15\" data-element_type=\"section\">\n\t\t\t\t\t\t<div class=\"elementor-container elementor-column-gap-default\">\n\t\t\t\t\t<div class=\"elementor-column elementor-col-50 elementor-inner-column elementor-element elementor-element-ae5540c\" data-id=\"ae5540c\" data-element_type=\"column\">\n\t\t\t<div class=\"elementor-widget-wrap elementor-element-populated\">\n\t\t\t\t\t\t\t\t<div class=\"elementor-element elementor-element-8883fc3 elementor-widget elementor-widget-image\" data-id=\"8883fc3\" data-element_type=\"widget\" data-widget_type=\"image.default\">\n\t\t\t\t<div class=\"elementor-widget-container\">\n\t\t\t\t\t\t\t\t\t\t\t\t\t\t\t<img loading=\"lazy\" decoding=\"async\" width=\"525\" height=\"350\" src=\"https:\/\/homedesignbyrenata.com\/wp-content\/uploads\/2021\/04\/golden-791072_1920-1-1024x683.jpg\" class=\"attachment-large size-large\" alt=\"\" srcset=\"https:\/\/homedesignbyrenata.com\/wp-content\/uploads\/2021\/04\/golden-791072_1920-1-1024x683.jpg 1024w, https:\/\/homedesignbyrenata.com\/wp-content\/uploads\/2021\/04\/golden-791072_1920-1-300x200.jpg 300w, https:\/\/homedesignbyrenata.com\/wp-content\/uploads\/2021\/04\/golden-791072_1920-1-768x512.jpg 768w, https:\/\/homedesignbyrenata.com\/wp-content\/uploads\/2021\/04\/golden-791072_1920-1-1536x1024.jpg 1536w, https:\/\/homedesignbyrenata.com\/wp-content\/uploads\/2021\/04\/golden-791072_1920-1.jpg 1920w\" sizes=\"auto, 100vw\" \/>\t\t\t\t\t\t\t\t\t\t\t\t\t\t\t<\/div>\n\t\t\t\t<\/div>\n\t\t\t\t\t<\/div>\n\t\t<\/div>\n\t\t\t\t<div class=\"elementor-column elementor-col-50 elementor-inner-column elementor-element elementor-element-390730e\" data-id=\"390730e\" data-element_type=\"column\">\n\t\t\t<div class=\"elementor-widget-wrap elementor-element-populated\">\n\t\t\t\t\t\t\t\t<div class=\"elementor-element elementor-element-a13b462 elementor-widget elementor-widget-heading\" data-id=\"a13b462\" data-element_type=\"widget\" data-widget_type=\"heading.default\">\n\t\t\t\t<div class=\"elementor-widget-container\">\n\t\t\t<h2 class=\"elementor-heading-title elementor-size-default\">Conseille d\u00e9coration<\/h2>\t\t<\/div>\n\t\t\t\t<\/div>\n\t\t\t\t<div class=\"elementor-element elementor-element-b449693 elementor-widget elementor-widget-text-editor\" data-id=\"b449693\" data-element_type=\"widget\" data-widget_type=\"text-editor.default\">\n\t\t\t\t<div class=\"elementor-widget-container\">\n\t\t\t\t\t\t\t\t<p>Envie d&rsquo;une nouvelle d\u00e9coration, pour changer le look de votre maison ou appartement, mais vous ne savez pas exactement par o\u00f9 commencer et qu&rsquo;est ce qu&rsquo;il vous faut exactement? Je vous trouve ce qu&rsquo;il vous faut!<br \/>20\u20ac\/pi\u00e8ce<\/p>\t\t\t\t\t\t<\/div>\n\t\t\t\t<\/div>\n\t\t\t\t\t<\/div>\n\t\t<\/div>\n\t\t\t\t\t\t\t<\/div>\n\t\t<\/section>\n\t\t\t\t<div class=\"elementor-element elementor-element-22786ae elementor-widget elementor-widget-spacer\" data-id=\"22786ae\" data-element_type=\"widget\" data-widget_type=\"spacer.default\">\n\t\t\t\t<div class=\"elementor-widget-container\">\n\t\t\t\t\t<div class=\"elementor-spacer\">\n\t\t\t<div class=\"elementor-spacer-inner\"><\/div>\n\t\t<\/div>\n\t\t\t\t<\/div>\n\t\t\t\t<\/div>\n\t\t\t\t\t<\/div>\n\t\t<\/div>\n\t\t\t\t\t\t\t<\/div>\n\t\t<\/section>\n\t\t\t\t<section class=\"elementor-section elementor-top-section elementor-element elementor-element-2b21b8e elementor-section-full_width elementor-section-stretched elementor-section-height-default elementor-section-height-default elementor-invisible\" data-id=\"2b21b8e\" data-element_type=\"section\" data-settings=\"{&quot;animation&quot;:&quot;fadeInRight&quot;,&quot;stretch_section&quot;:&quot;section-stretched&quot;}\">\n\t\t\t\t\t\t<div class=\"elementor-container elementor-column-gap-default\">\n\t\t\t\t\t<div class=\"elementor-column elementor-col-100 elementor-top-column elementor-element elementor-element-40a2eaf\" data-id=\"40a2eaf\" data-element_type=\"column\">\n\t\t\t<div class=\"elementor-widget-wrap elementor-element-populated\">\n\t\t\t\t\t\t\t\t<section class=\"elementor-section elementor-inner-section elementor-element elementor-element-193ecae elementor-section-boxed elementor-section-height-default elementor-section-height-default\" data-id=\"193ecae\" data-element_type=\"section\">\n\t\t\t\t\t\t<div class=\"elementor-container elementor-column-gap-default\">\n\t\t\t\t\t<div class=\"elementor-column elementor-col-50 elementor-inner-column elementor-element elementor-element-96b0c79\" data-id=\"96b0c79\" data-element_type=\"column\">\n\t\t\t<div class=\"elementor-widget-wrap elementor-element-populated\">\n\t\t\t\t\t\t\t\t<div class=\"elementor-element elementor-element-0b5eb66 elementor-widget elementor-widget-heading\" data-id=\"0b5eb66\" data-element_type=\"widget\" data-widget_type=\"heading.default\">\n\t\t\t\t<div class=\"elementor-widget-container\">\n\t\t\t<h2 class=\"elementor-heading-title elementor-size-default\">Des planches<\/h2>\t\t<\/div>\n\t\t\t\t<\/div>\n\t\t\t\t<div class=\"elementor-element elementor-element-1530e53 elementor-widget elementor-widget-text-editor\" data-id=\"1530e53\" data-element_type=\"widget\" data-widget_type=\"text-editor.default\">\n\t\t\t\t<div class=\"elementor-widget-container\">\n\t\t\t\t\t\t\t\t<p>Suite \u00e0 une consultation d\u00e9co, je vous faits des plaches tendance, d&rsquo;inspiration, mat\u00e9rieaux, couleurs et mobilier avec des prix exacte avec lesquelles vous pouvez compter.<br \/>20\u20ac\/planche<\/p>\t\t\t\t\t\t<\/div>\n\t\t\t\t<\/div>\n\t\t\t\t\t<\/div>\n\t\t<\/div>\n\t\t\t\t<div class=\"elementor-column elementor-col-50 elementor-inner-column elementor-element elementor-element-bb8ed26\" data-id=\"bb8ed26\" data-element_type=\"column\">\n\t\t\t<div class=\"elementor-widget-wrap elementor-element-populated\">\n\t\t\t\t\t\t\t\t<div class=\"elementor-element elementor-element-82229b5 elementor-widget elementor-widget-image\" data-id=\"82229b5\" data-element_type=\"widget\" data-widget_type=\"image.default\">\n\t\t\t\t<div class=\"elementor-widget-container\">\n\t\t\t\t\t\t\t\t\t\t\t\t\t\t\t<img loading=\"lazy\" decoding=\"async\" width=\"525\" height=\"350\" src=\"https:\/\/homedesignbyrenata.com\/wp-content\/uploads\/2021\/04\/luggage-930804_1920-1024x683.jpg\" class=\"attachment-large size-large\" alt=\"\" srcset=\"https:\/\/homedesignbyrenata.com\/wp-content\/uploads\/2021\/04\/luggage-930804_1920-1024x683.jpg 1024w, https:\/\/homedesignbyrenata.com\/wp-content\/uploads\/2021\/04\/luggage-930804_1920-300x200.jpg 300w, https:\/\/homedesignbyrenata.com\/wp-content\/uploads\/2021\/04\/luggage-930804_1920-768x512.jpg 768w, https:\/\/homedesignbyrenata.com\/wp-content\/uploads\/2021\/04\/luggage-930804_1920-1536x1024.jpg 1536w, https:\/\/homedesignbyrenata.com\/wp-content\/uploads\/2021\/04\/luggage-930804_1920.jpg 1920w\" sizes=\"auto, 100vw\" \/>\t\t\t\t\t\t\t\t\t\t\t\t\t\t\t<\/div>\n\t\t\t\t<\/div>\n\t\t\t\t\t<\/div>\n\t\t<\/div>\n\t\t\t\t\t\t\t<\/div>\n\t\t<\/section>\n\t\t\t\t<div class=\"elementor-element elementor-element-d541fe9 elementor-widget elementor-widget-spacer\" data-id=\"d541fe9\" data-element_type=\"widget\" data-widget_type=\"spacer.default\">\n\t\t\t\t<div class=\"elementor-widget-container\">\n\t\t\t\t\t<div class=\"elementor-spacer\">\n\t\t\t<div class=\"elementor-spacer-inner\"><\/div>\n\t\t<\/div>\n\t\t\t\t<\/div>\n\t\t\t\t<\/div>\n\t\t\t\t\t<\/div>\n\t\t<\/div>\n\t\t\t\t\t\t\t<\/div>\n\t\t<\/section>\n\t\t\t\t<section class=\"elementor-section elementor-top-section elementor-element elementor-element-14de341 elementor-section-full_width elementor-section-stretched elementor-section-height-default elementor-section-height-default elementor-invisible\" data-id=\"14de341\" data-element_type=\"section\" data-settings=\"{&quot;animation&quot;:&quot;fadeInLeft&quot;,&quot;stretch_section&quot;:&quot;section-stretched&quot;}\">\n\t\t\t\t\t\t<div class=\"elementor-container elementor-column-gap-default\">\n\t\t\t\t\t<div class=\"elementor-column elementor-col-100 elementor-top-column elementor-element elementor-element-3952847\" data-id=\"3952847\" data-element_type=\"column\">\n\t\t\t<div class=\"elementor-widget-wrap elementor-element-populated\">\n\t\t\t\t\t\t\t\t<section class=\"elementor-section elementor-inner-section elementor-element elementor-element-553560f elementor-section-boxed elementor-section-height-default elementor-section-height-default\" data-id=\"553560f\" data-element_type=\"section\">\n\t\t\t\t\t\t<div class=\"elementor-container elementor-column-gap-default\">\n\t\t\t\t\t<div class=\"elementor-column elementor-col-50 elementor-inner-column elementor-element elementor-element-1c1bc4e\" data-id=\"1c1bc4e\" data-element_type=\"column\">\n\t\t\t<div class=\"elementor-widget-wrap elementor-element-populated\">\n\t\t\t\t\t\t\t\t<div class=\"elementor-element elementor-element-0759bad elementor-widget elementor-widget-image\" data-id=\"0759bad\" data-element_type=\"widget\" data-widget_type=\"image.default\">\n\t\t\t\t<div class=\"elementor-widget-container\">\n\t\t\t\t\t\t\t\t\t\t\t\t\t\t\t<img loading=\"lazy\" decoding=\"async\" width=\"525\" height=\"295\" src=\"https:\/\/homedesignbyrenata.com\/wp-content\/uploads\/2021\/04\/B81DF092-2380-47BF-A393-6D15175A8A64.jpg\" class=\"attachment-large size-large\" alt=\"\" srcset=\"https:\/\/homedesignbyrenata.com\/wp-content\/uploads\/2021\/04\/B81DF092-2380-47BF-A393-6D15175A8A64.jpg 640w, https:\/\/homedesignbyrenata.com\/wp-content\/uploads\/2021\/04\/B81DF092-2380-47BF-A393-6D15175A8A64-300x169.jpg 300w\" sizes=\"auto, 100vw\" \/>\t\t\t\t\t\t\t\t\t\t\t\t\t\t\t<\/div>\n\t\t\t\t<\/div>\n\t\t\t\t\t<\/div>\n\t\t<\/div>\n\t\t\t\t<div class=\"elementor-column elementor-col-50 elementor-inner-column elementor-element elementor-element-73f8087\" data-id=\"73f8087\" data-element_type=\"column\">\n\t\t\t<div class=\"elementor-widget-wrap elementor-element-populated\">\n\t\t\t\t\t\t\t\t<div class=\"elementor-element elementor-element-b482cb8 elementor-widget elementor-widget-heading\" data-id=\"b482cb8\" data-element_type=\"widget\" data-widget_type=\"heading.default\">\n\t\t\t\t<div class=\"elementor-widget-container\">\n\t\t\t<h2 class=\"elementor-heading-title elementor-size-default\">Plans 2D et 3D<\/h2>\t\t<\/div>\n\t\t\t\t<\/div>\n\t\t\t\t<div class=\"elementor-element elementor-element-1d94575 elementor-widget elementor-widget-text-editor\" data-id=\"1d94575\" data-element_type=\"widget\" data-widget_type=\"text-editor.default\">\n\t\t\t\t<div class=\"elementor-widget-container\">\n\t\t\t\t\t\t\t\t<p>Pour que vous puissez mieux imaginer votre futur d\u00e9co, vous avez de la possibiliter d&rsquo;avoir des plans en 2D, et encore en 3D avec des images r\u00e9aliste.<br \/>30\u20ac\/pi\u00e8ce<\/p>\t\t\t\t\t\t<\/div>\n\t\t\t\t<\/div>\n\t\t\t\t\t<\/div>\n\t\t<\/div>\n\t\t\t\t\t\t\t<\/div>\n\t\t<\/section>\n\t\t\t\t<div class=\"elementor-element elementor-element-c514f26 elementor-widget elementor-widget-spacer\" data-id=\"c514f26\" data-element_type=\"widget\" data-widget_type=\"spacer.default\">\n\t\t\t\t<div class=\"elementor-widget-container\">\n\t\t\t\t\t<div class=\"elementor-spacer\">\n\t\t\t<div class=\"elementor-spacer-inner\"><\/div>\n\t\t<\/div>\n\t\t\t\t<\/div>\n\t\t\t\t<\/div>\n\t\t\t\t\t<\/div>\n\t\t<\/div>\n\t\t\t\t\t\t\t<\/div>\n\t\t<\/section>\n\t\t\t\t<section class=\"elementor-section elementor-top-section elementor-element elementor-element-b3d1aa3 elementor-section-full_width elementor-section-stretched elementor-section-height-default elementor-section-height-default elementor-invisible\" data-id=\"b3d1aa3\" data-element_type=\"section\" data-settings=\"{&quot;animation&quot;:&quot;fadeInRight&quot;,&quot;stretch_section&quot;:&quot;section-stretched&quot;}\">\n\t\t\t\t\t\t<div class=\"elementor-container elementor-column-gap-default\">\n\t\t\t\t\t<div class=\"elementor-column elementor-col-100 elementor-top-column elementor-element elementor-element-0c8e5b4\" data-id=\"0c8e5b4\" data-element_type=\"column\">\n\t\t\t<div class=\"elementor-widget-wrap elementor-element-populated\">\n\t\t\t\t\t\t\t\t<section class=\"elementor-section elementor-inner-section elementor-element elementor-element-5b3341c elementor-section-boxed elementor-section-height-default elementor-section-height-default\" data-id=\"5b3341c\" data-element_type=\"section\">\n\t\t\t\t\t\t<div class=\"elementor-container elementor-column-gap-default\">\n\t\t\t\t\t<div class=\"elementor-column elementor-col-50 elementor-inner-column elementor-element elementor-element-51bd160\" data-id=\"51bd160\" data-element_type=\"column\">\n\t\t\t<div class=\"elementor-widget-wrap elementor-element-populated\">\n\t\t\t\t\t\t\t\t<div class=\"elementor-element elementor-element-f52f954 elementor-widget elementor-widget-heading\" data-id=\"f52f954\" data-element_type=\"widget\" data-widget_type=\"heading.default\">\n\t\t\t\t<div class=\"elementor-widget-container\">\n\t\t\t<h2 class=\"elementor-heading-title elementor-size-default\">Am\u00e9nagement \/ Travaux<\/h2>\t\t<\/div>\n\t\t\t\t<\/div>\n\t\t\t\t<div class=\"elementor-element elementor-element-f4a5a35 elementor-widget elementor-widget-text-editor\" data-id=\"f4a5a35\" data-element_type=\"widget\" data-widget_type=\"text-editor.default\">\n\t\t\t\t<div class=\"elementor-widget-container\">\n\t\t\t\t\t\t\t\t<p>En cas de besoin, je peux surveiller les am\u00e9nagements et travaux dans tous les \u00e9tapes, enfin pour que tout se d\u00e9roule comme il faut.<br \/>Prix sur devis<\/p>\t\t\t\t\t\t<\/div>\n\t\t\t\t<\/div>\n\t\t\t\t\t<\/div>\n\t\t<\/div>\n\t\t\t\t<div class=\"elementor-column elementor-col-50 elementor-inner-column elementor-element elementor-element-fce55de\" data-id=\"fce55de\" data-element_type=\"column\">\n\t\t\t<div class=\"elementor-widget-wrap elementor-element-populated\">\n\t\t\t\t\t\t\t\t<div class=\"elementor-element elementor-element-af7b820 elementor-widget elementor-widget-image\" data-id=\"af7b820\" data-element_type=\"widget\" data-widget_type=\"image.default\">\n\t\t\t\t<div class=\"elementor-widget-container\">\n\t\t\t\t\t\t\t\t\t\t\t\t\t\t\t<img loading=\"lazy\" decoding=\"async\" width=\"525\" height=\"295\" src=\"https:\/\/homedesignbyrenata.com\/wp-content\/uploads\/2021\/04\/interior-2685521_1920-1024x576.jpg\" class=\"attachment-large size-large\" alt=\"\" srcset=\"https:\/\/homedesignbyrenata.com\/wp-content\/uploads\/2021\/04\/interior-2685521_1920-1024x576.jpg 1024w, https:\/\/homedesignbyrenata.com\/wp-content\/uploads\/2021\/04\/interior-2685521_1920-300x169.jpg 300w, https:\/\/homedesignbyrenata.com\/wp-content\/uploads\/2021\/04\/interior-2685521_1920-768x432.jpg 768w, https:\/\/homedesignbyrenata.com\/wp-content\/uploads\/2021\/04\/interior-2685521_1920-1536x864.jpg 1536w, https:\/\/homedesignbyrenata.com\/wp-content\/uploads\/2021\/04\/interior-2685521_1920.jpg 1920w\" sizes=\"auto, 100vw\" \/>\t\t\t\t\t\t\t\t\t\t\t\t\t\t\t<\/div>\n\t\t\t\t<\/div>\n\t\t\t\t\t<\/div>\n\t\t<\/div>\n\t\t\t\t\t\t\t<\/div>\n\t\t<\/section>\n\t\t\t\t<div class=\"elementor-element elementor-element-806bad2 elementor-widget elementor-widget-spacer\" data-id=\"806bad2\" data-element_type=\"widget\" data-widget_type=\"spacer.default\">\n\t\t\t\t<div class=\"elementor-widget-container\">\n\t\t\t\t\t<div class=\"elementor-spacer\">\n\t\t\t<div class=\"elementor-spacer-inner\"><\/div>\n\t\t<\/div>\n\t\t\t\t<\/div>\n\t\t\t\t<\/div>\n\t\t\t\t\t<\/div>\n\t\t<\/div>\n\t\t\t\t\t\t\t<\/div>\n\t\t<\/section>\n\t\t\t\t<section class=\"elementor-section elementor-top-section elementor-element elementor-element-7713c2e elementor-section-full_width elementor-section-stretched elementor-section-height-default elementor-section-height-default elementor-invisible\" data-id=\"7713c2e\" data-element_type=\"section\" data-settings=\"{&quot;animation&quot;:&quot;fadeInLeft&quot;,&quot;stretch_section&quot;:&quot;section-stretched&quot;}\">\n\t\t\t\t\t\t<div class=\"elementor-container elementor-column-gap-default\">\n\t\t\t\t\t<div class=\"elementor-column elementor-col-100 elementor-top-column elementor-element elementor-element-d5ed28a\" data-id=\"d5ed28a\" data-element_type=\"column\">\n\t\t\t<div class=\"elementor-widget-wrap elementor-element-populated\">\n\t\t\t\t\t\t\t\t<section class=\"elementor-section elementor-inner-section elementor-element elementor-element-b61ba02 elementor-section-boxed elementor-section-height-default elementor-section-height-default\" data-id=\"b61ba02\" data-element_type=\"section\">\n\t\t\t\t\t\t<div class=\"elementor-container elementor-column-gap-default\">\n\t\t\t\t\t<div class=\"elementor-column elementor-col-50 elementor-inner-column elementor-element elementor-element-40184a4\" data-id=\"40184a4\" data-element_type=\"column\">\n\t\t\t<div class=\"elementor-widget-wrap elementor-element-populated\">\n\t\t\t\t\t\t\t\t<div class=\"elementor-element elementor-element-c2519b2 elementor-widget elementor-widget-image\" data-id=\"c2519b2\" data-element_type=\"widget\" data-widget_type=\"image.default\">\n\t\t\t\t<div class=\"elementor-widget-container\">\n\t\t\t\t\t\t\t\t\t\t\t\t\t\t\t<img loading=\"lazy\" decoding=\"async\" width=\"525\" height=\"350\" src=\"https:\/\/homedesignbyrenata.com\/wp-content\/uploads\/2021\/04\/couch-1845270_1920-1024x683.jpg\" class=\"attachment-large size-large\" alt=\"\" srcset=\"https:\/\/homedesignbyrenata.com\/wp-content\/uploads\/2021\/04\/couch-1845270_1920-1024x683.jpg 1024w, https:\/\/homedesignbyrenata.com\/wp-content\/uploads\/2021\/04\/couch-1845270_1920-300x200.jpg 300w, https:\/\/homedesignbyrenata.com\/wp-content\/uploads\/2021\/04\/couch-1845270_1920-768x512.jpg 768w, https:\/\/homedesignbyrenata.com\/wp-content\/uploads\/2021\/04\/couch-1845270_1920-1536x1024.jpg 1536w, https:\/\/homedesignbyrenata.com\/wp-content\/uploads\/2021\/04\/couch-1845270_1920.jpg 1920w\" sizes=\"auto, 100vw\" \/>\t\t\t\t\t\t\t\t\t\t\t\t\t\t\t<\/div>\n\t\t\t\t<\/div>\n\t\t\t\t\t<\/div>\n\t\t<\/div>\n\t\t\t\t<div class=\"elementor-column elementor-col-50 elementor-inner-column elementor-element elementor-element-33024bd\" data-id=\"33024bd\" data-element_type=\"column\">\n\t\t\t<div class=\"elementor-widget-wrap elementor-element-populated\">\n\t\t\t\t\t\t\t\t<div class=\"elementor-element elementor-element-d8e6285 elementor-widget elementor-widget-heading\" data-id=\"d8e6285\" data-element_type=\"widget\" data-widget_type=\"heading.default\">\n\t\t\t\t<div class=\"elementor-widget-container\">\n\t\t\t<h2 class=\"elementor-heading-title elementor-size-default\">Diagnostic Home Staging<\/h2>\t\t<\/div>\n\t\t\t\t<\/div>\n\t\t\t\t<div class=\"elementor-element elementor-element-dbc0fb8 elementor-widget elementor-widget-text-editor\" data-id=\"dbc0fb8\" data-element_type=\"widget\" data-widget_type=\"text-editor.default\">\n\t\t\t\t<div class=\"elementor-widget-container\">\n\t\t\t\t\t\t\t\t<p>Vous voulez vendre votre bien le plut\u00f4t possible au meilleur prix ou le faire lou\u00e9? Je vous aide d&rsquo;optimiser votre int\u00e9rieur, en gardent le plus de mobilier et d\u00e9coration possible.<br \/>20\u20ac\/pi\u00e8ce<\/p>\t\t\t\t\t\t<\/div>\n\t\t\t\t<\/div>\n\t\t\t\t\t<\/div>\n\t\t<\/div>\n\t\t\t\t\t\t\t<\/div>\n\t\t<\/section>\n\t\t\t\t<div class=\"elementor-element elementor-element-31260ae elementor-widget elementor-widget-spacer\" data-id=\"31260ae\" data-element_type=\"widget\" data-widget_type=\"spacer.default\">\n\t\t\t\t<div class=\"elementor-widget-container\">\n\t\t\t\t\t<div class=\"elementor-spacer\">\n\t\t\t<div class=\"elementor-spacer-inner\"><\/div>\n\t\t<\/div>\n\t\t\t\t<\/div>\n\t\t\t\t<\/div>\n\t\t\t\t\t<\/div>\n\t\t<\/div>\n\t\t\t\t\t\t\t<\/div>\n\t\t<\/section>\n\t\t\t\t<section class=\"elementor-section elementor-top-section elementor-element elementor-element-d6f655a elementor-section-full_width elementor-section-stretched elementor-section-height-default elementor-section-height-default elementor-invisible\" data-id=\"d6f655a\" data-element_type=\"section\" data-settings=\"{&quot;animation&quot;:&quot;fadeInRight&quot;,&quot;stretch_section&quot;:&quot;section-stretched&quot;}\">\n\t\t\t\t\t\t<div class=\"elementor-container elementor-column-gap-default\">\n\t\t\t\t\t<div class=\"elementor-column elementor-col-100 elementor-top-column elementor-element elementor-element-c310c19\" data-id=\"c310c19\" data-element_type=\"column\">\n\t\t\t<div class=\"elementor-widget-wrap elementor-element-populated\">\n\t\t\t\t\t\t\t\t<section class=\"elementor-section elementor-inner-section elementor-element elementor-element-98e8551 elementor-section-boxed elementor-section-height-default elementor-section-height-default\" data-id=\"98e8551\" data-element_type=\"section\">\n\t\t\t\t\t\t<div class=\"elementor-container elementor-column-gap-default\">\n\t\t\t\t\t<div class=\"elementor-column elementor-col-50 elementor-inner-column elementor-element elementor-element-5875860\" data-id=\"5875860\" data-element_type=\"column\">\n\t\t\t<div class=\"elementor-widget-wrap elementor-element-populated\">\n\t\t\t\t\t\t\t\t<div class=\"elementor-element elementor-element-57835b8 elementor-widget elementor-widget-heading\" data-id=\"57835b8\" data-element_type=\"widget\" data-widget_type=\"heading.default\">\n\t\t\t\t<div class=\"elementor-widget-container\">\n\t\t\t<h2 class=\"elementor-heading-title elementor-size-default\">R\u00e9alisation Home Staging<\/h2>\t\t<\/div>\n\t\t\t\t<\/div>\n\t\t\t\t<div class=\"elementor-element elementor-element-92bca96 elementor-widget elementor-widget-text-editor\" data-id=\"92bca96\" data-element_type=\"widget\" data-widget_type=\"text-editor.default\">\n\t\t\t\t<div class=\"elementor-widget-container\">\n\t\t\t\t\t\t\t\t<p>Suite le diagnostique, je vous aide de r\u00e9aliser le projet pas \u00e0 pas, avec des travaux et achat, si vous le souhaitez.<br \/>Prix sur devis<\/p>\t\t\t\t\t\t<\/div>\n\t\t\t\t<\/div>\n\t\t\t\t\t<\/div>\n\t\t<\/div>\n\t\t\t\t<div class=\"elementor-column elementor-col-50 elementor-inner-column elementor-element elementor-element-e0c3a64\" data-id=\"e0c3a64\" data-element_type=\"column\">\n\t\t\t<div class=\"elementor-widget-wrap elementor-element-populated\">\n\t\t\t\t\t\t\t\t<div class=\"elementor-element elementor-element-74d56b9 elementor-widget elementor-widget-image\" data-id=\"74d56b9\" data-element_type=\"widget\" data-widget_type=\"image.default\">\n\t\t\t\t<div class=\"elementor-widget-container\">\n\t\t\t\t\t\t\t\t\t\t\t\t\t\t\t<img loading=\"lazy\" decoding=\"async\" width=\"525\" height=\"263\" src=\"https:\/\/homedesignbyrenata.com\/wp-content\/uploads\/2021\/04\/bedroom-5686427_1920-1024x512.jpg\" class=\"attachment-large size-large\" alt=\"\" srcset=\"https:\/\/homedesignbyrenata.com\/wp-content\/uploads\/2021\/04\/bedroom-5686427_1920-1024x512.jpg 1024w, https:\/\/homedesignbyrenata.com\/wp-content\/uploads\/2021\/04\/bedroom-5686427_1920-300x150.jpg 300w, https:\/\/homedesignbyrenata.com\/wp-content\/uploads\/2021\/04\/bedroom-5686427_1920-768x384.jpg 768w, https:\/\/homedesignbyrenata.com\/wp-content\/uploads\/2021\/04\/bedroom-5686427_1920-1536x768.jpg 1536w, https:\/\/homedesignbyrenata.com\/wp-content\/uploads\/2021\/04\/bedroom-5686427_1920.jpg 1920w\" sizes=\"auto, 100vw\" \/>\t\t\t\t\t\t\t\t\t\t\t\t\t\t\t<\/div>\n\t\t\t\t<\/div>\n\t\t\t\t\t<\/div>\n\t\t<\/div>\n\t\t\t\t\t\t\t<\/div>\n\t\t<\/section>\n\t\t\t\t\t<\/div>\n\t\t<\/div>\n\t\t\t\t\t\t\t<\/div>\n\t\t<\/section>\n\t\t\t\t\t\t<\/div>\n\t\t\t\t\t<\/div>\n\t\t","protected":false},"excerpt":{"rendered":"<p>Conseille d\u00e9coration Envie d&rsquo;une nouvelle d\u00e9coration, pour changer le look de votre maison ou appartement, mais vous ne savez pas exactement par o\u00f9 commencer et qu&rsquo;est ce qu&rsquo;il vous faut exactement? Je vous trouve ce qu&rsquo;il vous faut!20\u20ac\/pi\u00e8ce Des planches Suite \u00e0 une consultation d\u00e9co, je vous faits des plaches tendance, d&rsquo;inspiration, mat\u00e9rieaux, couleurs et &hellip; <\/p>\n<p class=\"link-more\"><a href=\"https:\/\/homedesignbyrenata.com\/index.php\/home-staging\/\" class=\"more-link\">Continuer la lecture<span class=\"screen-reader-text\"> de &laquo;&nbsp;Tarifs&nbsp;&raquo;<\/span><\/a><\/p>\n","protected":false},"author":1,"featured_media":0,"parent":0,"menu_order":0,"comment_status":"closed","ping_status":"closed","template":"","meta":{"spay_email":"","footnotes":""},"class_list":["post-242","page","type-page","status-publish","hentry"],"_links":{"self":[{"href":"https:\/\/homedesignbyrenata.com\/index.php\/wp-json\/wp\/v2\/pages\/242","targetHints":{"allow":["GET"]}}],"collection":[{"href":"https:\/\/homedesignbyrenata.com\/index.php\/wp-json\/wp\/v2\/pages"}],"about":[{"href":"https:\/\/homedesignbyrenata.com\/index.php\/wp-json\/wp\/v2\/types\/page"}],"author":[{"embeddable":true,"href":"https:\/\/homedesignbyrenata.com\/index.php\/wp-json\/wp\/v2\/users\/1"}],"replies":[{"embeddable":true,"href":"https:\/\/homedesignbyrenata.com\/index.php\/wp-json\/wp\/v2\/comments?post=242"}],"version-history":[{"count":15,"href":"https:\/\/homedesignbyrenata.com\/index.php\/wp-json\/wp\/v2\/pages\/242\/revisions"}],"predecessor-version":[{"id":317,"href":"https:\/\/homedesignbyrenata.com\/index.php\/wp-json\/wp\/v2\/pages\/242\/revisions\/317"}],"wp:attachment":[{"href":"https:\/\/homedesignbyrenata.com\/index.php\/wp-json\/wp\/v2\/media?parent=242"}],"curies":[{"name":"wp","href":"https:\/\/api.w.org\/{rel}","templated":true}]}}