{"id":249,"date":"2021-04-20T19:45:30","date_gmt":"2021-04-20T17:45:30","guid":{"rendered":"http:\/\/homedesignbyrenata.com\/?page_id=249"},"modified":"2021-04-21T22:04:29","modified_gmt":"2021-04-21T20:04:29","slug":"portrait","status":"publish","type":"page","link":"https:\/\/homedesignbyrenata.com\/index.php\/portrait\/","title":{"rendered":"Portrait"},"content":{"rendered":"\t\t<div data-elementor-type=\"wp-page\" data-elementor-id=\"249\" class=\"elementor elementor-249\" data-elementor-settings=\"[]\">\n\t\t\t\t\t\t\t<div class=\"elementor-section-wrap\">\n\t\t\t\t\t\t\t<section class=\"elementor-section elementor-top-section elementor-element elementor-element-570b27f elementor-section-boxed elementor-section-height-default elementor-section-height-default\" data-id=\"570b27f\" data-element_type=\"section\">\n\t\t\t\t\t\t<div class=\"elementor-container elementor-column-gap-default\">\n\t\t\t\t\t<div class=\"elementor-column elementor-col-100 elementor-top-column elementor-element elementor-element-98e63cb\" data-id=\"98e63cb\" data-element_type=\"column\">\n\t\t\t<div class=\"elementor-widget-wrap elementor-element-populated\">\n\t\t\t\t\t\t\t\t<div class=\"elementor-element elementor-element-7ea6f36 elementor-widget elementor-widget-image\" data-id=\"7ea6f36\" data-element_type=\"widget\" data-widget_type=\"image.default\">\n\t\t\t\t<div class=\"elementor-widget-container\">\n\t\t\t\t\t\t\t\t\t\t\t\t\t\t\t<img loading=\"lazy\" decoding=\"async\" width=\"295\" height=\"300\" src=\"https:\/\/homedesignbyrenata.com\/wp-content\/uploads\/2021\/04\/Reni-295x300.jpg\" class=\"attachment-medium size-medium\" alt=\"\" srcset=\"https:\/\/homedesignbyrenata.com\/wp-content\/uploads\/2021\/04\/Reni-295x300.jpg 295w, https:\/\/homedesignbyrenata.com\/wp-content\/uploads\/2021\/04\/Reni.jpg 453w\" sizes=\"auto, 100vw\" \/>\t\t\t\t\t\t\t\t\t\t\t\t\t\t\t<\/div>\n\t\t\t\t<\/div>\n\t\t\t\t\t<\/div>\n\t\t<\/div>\n\t\t\t\t\t\t\t<\/div>\n\t\t<\/section>\n\t\t\t\t<section class=\"elementor-section elementor-top-section elementor-element elementor-element-4b1d475 elementor-section-boxed elementor-section-height-default elementor-section-height-default\" data-id=\"4b1d475\" data-element_type=\"section\">\n\t\t\t\t\t\t<div class=\"elementor-container elementor-column-gap-default\">\n\t\t\t\t\t<div class=\"elementor-column elementor-col-100 elementor-top-column elementor-element elementor-element-fbd38f9\" data-id=\"fbd38f9\" data-element_type=\"column\">\n\t\t\t<div class=\"elementor-widget-wrap elementor-element-populated\">\n\t\t\t\t\t\t\t\t<div class=\"elementor-element elementor-element-92689c4 elementor-widget elementor-widget-text-editor\" data-id=\"92689c4\" data-element_type=\"widget\" data-widget_type=\"text-editor.default\">\n\t\t\t\t<div class=\"elementor-widget-container\">\n\t\t\t\t\t\t\t\t<h1>BODO RENATA<\/h1><p>J&rsquo;ai fait mes \u00e9tudes de comptabilit\u00e9 en Hongrie, puis j&rsquo;ai d\u00e9ci\u00e9d\u00e9 de m&rsquo;installer en France, malheureusement je ne pouvais pas pratiqu\u00e9 ce m\u00e9tier ici pour des raisons d&rsquo;application des lois diff\u00e9rents de mon pays d&rsquo;origine.<\/p><p>Apr\u00e8s quelques ann\u00e9es de travail comme charg\u00e9 de client\u00e8le hongroise, j&rsquo;ai d\u00e9cid\u00e9 de faire quelque chose de nouveau. Attir\u00e9 par la d\u00e9coration d&rsquo;int\u00e9rieur, j&rsquo;ai suivi une formation approfondi et sp\u00e9cialis\u00e9 dans ce domaine. Cette formation m&rsquo;a donn\u00e9 en plus de mon cot\u00e9 artistique des connaissances techniques pour pouvoir exercer ma passion et vous faire profiter de mes talents de d\u00e9coratrice et home staging. Je suis convaincu, que si vous faites appel a mes services, je vous trouverer la d\u00e9coration que vous attendez, dans les moindre d\u00e9tails. Je suis \u00e9galement sp\u00e9cialis\u00e9 dans le Home Staging, ce qui vous permettra de faciliter grandment la vente de vos bien immobilier. Je vous laisse d\u00e9couvrir mes talents et la pr\u00e9sentation des choses que je suis capable de vous apporter.<\/p>\t\t\t\t\t\t<\/div>\n\t\t\t\t<\/div>\n\t\t\t\t\t<\/div>\n\t\t<\/div>\n\t\t\t\t\t\t\t<\/div>\n\t\t<\/section>\n\t\t\t\t\t\t<\/div>\n\t\t\t\t\t<\/div>\n\t\t","protected":false},"excerpt":{"rendered":"<p>BODO RENATA J&rsquo;ai fait mes \u00e9tudes de comptabilit\u00e9 en Hongrie, puis j&rsquo;ai d\u00e9ci\u00e9d\u00e9 de m&rsquo;installer en France, malheureusement je ne pouvais pas pratiqu\u00e9 ce m\u00e9tier ici pour des raisons d&rsquo;application des lois diff\u00e9rents de mon pays d&rsquo;origine. Apr\u00e8s quelques ann\u00e9es de travail comme charg\u00e9 de client\u00e8le hongroise, j&rsquo;ai d\u00e9cid\u00e9 de faire quelque chose de nouveau. &hellip; <\/p>\n<p class=\"link-more\"><a href=\"https:\/\/homedesignbyrenata.com\/index.php\/portrait\/\" class=\"more-link\">Continuer la lecture<span class=\"screen-reader-text\"> de &laquo;&nbsp;Portrait&nbsp;&raquo;<\/span><\/a><\/p>\n","protected":false},"author":1,"featured_media":0,"parent":0,"menu_order":0,"comment_status":"closed","ping_status":"closed","template":"","meta":{"spay_email":"","footnotes":""},"class_list":["post-249","page","type-page","status-publish","hentry"],"_links":{"self":[{"href":"https:\/\/homedesignbyrenata.com\/index.php\/wp-json\/wp\/v2\/pages\/249","targetHints":{"allow":["GET"]}}],"collection":[{"href":"https:\/\/homedesignbyrenata.com\/index.php\/wp-json\/wp\/v2\/pages"}],"about":[{"href":"https:\/\/homedesignbyrenata.com\/index.php\/wp-json\/wp\/v2\/types\/page"}],"author":[{"embeddable":true,"href":"https:\/\/homedesignbyrenata.com\/index.php\/wp-json\/wp\/v2\/users\/1"}],"replies":[{"embeddable":true,"href":"https:\/\/homedesignbyrenata.com\/index.php\/wp-json\/wp\/v2\/comments?post=249"}],"version-history":[{"count":16,"href":"https:\/\/homedesignbyrenata.com\/index.php\/wp-json\/wp\/v2\/pages\/249\/revisions"}],"predecessor-version":[{"id":296,"href":"https:\/\/homedesignbyrenata.com\/index.php\/wp-json\/wp\/v2\/pages\/249\/revisions\/296"}],"wp:attachment":[{"href":"https:\/\/homedesignbyrenata.com\/index.php\/wp-json\/wp\/v2\/media?parent=249"}],"curies":[{"name":"wp","href":"https:\/\/api.w.org\/{rel}","templated":true}]}}